{"id":10,"date":"2018-11-09T16:46:30","date_gmt":"2018-11-09T16:46:30","guid":{"rendered":"https:\/\/naipe7.com.br\/?page_id=10"},"modified":"2018-12-05T13:15:26","modified_gmt":"2018-12-05T13:15:26","slug":"sobre-nos","status":"publish","type":"page","link":"https:\/\/naipe7.com.br\/?page_id=10","title":{"rendered":"Sobre N\u00f3s"},"content":{"rendered":"<p>[et_pb_section fb_built=&#8221;1&#8243; fullwidth=&#8221;on&#8221; admin_label=&#8221;Header&#8221; _builder_version=&#8221;3.17.2&#8243; background_image=&#8221;https:\/\/naipe7.com.br\/wp-content\/uploads\/2018\/11\/pexels-photo-415945.jpeg&#8221; background_position=&#8221;top_left&#8221; custom_margin=&#8221;|||&#8221; custom_padding=&#8221;|||&#8221;][et_pb_fullwidth_header title=&#8221;Sobre N\u00f3s&#8221; button_one_text=&#8221;Nossos Servi\u00e7os&#8221; button_one_url=&#8221;#&#8221; button_two_text=&#8221;Nossos Produtos&#8221; button_two_url=&#8221;#&#8221; scroll_down_icon_size_last_edited=&#8221;on|phone&#8221; _builder_version=&#8221;3.17.2&#8243; title_font=&#8221;Josefin Sans|700|||||||&#8221; title_text_color=&#8221;#ffffff&#8221; title_font_size=&#8221;50px&#8221; title_font_size_tablet=&#8221;35px&#8221; title_font_size_phone=&#8221;25px&#8221; title_font_size_last_edited=&#8221;on|phone&#8221; title_line_height=&#8221;1.2em&#8221; content_font=&#8221;Quicksand|600|||||||&#8221; content_text_color=&#8221;#ffffff&#8221; content_font_size=&#8221;20px&#8221; content_font_size_tablet=&#8221;16px&#8221; content_font_size_phone=&#8221;14px&#8221; content_font_size_last_edited=&#8221;on|phone&#8221; content_line_height=&#8221;2em&#8221; background_color=&#8221;rgba(255,255,255,0)&#8221; use_background_color_gradient=&#8221;on&#8221; background_color_gradient_start=&#8221;rgba(255,255,255,0)&#8221; background_color_gradient_end=&#8221;rgba(30,151,232,0.93)&#8221; background_color_gradient_direction=&#8221;323deg&#8221; background_color_gradient_end_position=&#8221;0%&#8221; background_size=&#8221;initial&#8221; background_position=&#8221;top_left&#8221; background_repeat=&#8221;repeat&#8221; custom_button_two=&#8221;on&#8221; button_two_text_size=&#8221;18px&#8221; button_two_text_color=&#8221;#ffffff&#8221; button_two_bg_color=&#8221;#1678b7&#8243; button_two_border_width=&#8221;10px&#8221; button_two_border_color=&#8221;#1678b7&#8243; button_two_border_radius=&#8221;0px&#8221; button_two_font=&#8221;Ubuntu|700|||||||&#8221; custom_button_one=&#8221;on&#8221; button_one_text_size=&#8221;18px&#8221; button_one_text_color=&#8221;#ffffff&#8221; button_one_bg_color=&#8221;#02426c&#8221; button_one_bg_color_gradient_start=&#8221;#f2835a&#8221; button_one_bg_color_gradient_end=&#8221;#fab993&#8243; button_one_bg_color_gradient_direction=&#8221;90deg&#8221; button_one_bg_color_gradient_overlays_image=&#8221;on&#8221; button_one_border_width=&#8221;10px&#8221; button_one_border_color=&#8221;#02426c&#8221; button_one_border_radius=&#8221;0px&#8221; button_one_font=&#8221;Ubuntu|700|||||||&#8221; button_one_text_size_last_edited=&#8221;on|desktop&#8221; background_layout=&#8221;light&#8221; custom_padding=&#8221;4vw||4vw||true&#8221; custom_padding_tablet=&#8221;||||false&#8221; custom_padding_phone=&#8221;3vw||3vw||true&#8221; custom_padding_last_edited=&#8221;on|phone&#8221; animation_style=&#8221;fade&#8221; button_one_border_radius_hover=&#8221;0px&#8221; button_two_border_radius_hover=&#8221;0px&#8221; button_one_text_size__hover_enabled=&#8221;off&#8221; button_two_text_size__hover_enabled=&#8221;off&#8221; button_one_text_color__hover_enabled=&#8221;off&#8221; button_two_text_color__hover_enabled=&#8221;off&#8221; button_one_border_width__hover_enabled=&#8221;off&#8221; button_two_border_width__hover_enabled=&#8221;off&#8221; button_one_border_color__hover_enabled=&#8221;off&#8221; button_two_border_color__hover_enabled=&#8221;off&#8221; button_one_border_radius__hover_enabled=&#8221;on&#8221; button_one_border_radius__hover=&#8221;0px&#8221; button_two_border_radius__hover_enabled=&#8221;on&#8221; button_two_border_radius__hover=&#8221;0px&#8221; button_one_letter_spacing__hover_enabled=&#8221;off&#8221; button_two_letter_spacing__hover_enabled=&#8221;off&#8221; button_one_bg_color__hover_enabled=&#8221;off&#8221; button_two_bg_color__hover_enabled=&#8221;off&#8221;]H\u00e1 mais de 24 anos oferecendo produtos e servi\u00e7os de alta qualidade.<br \/>\n[\/et_pb_fullwidth_header][\/et_pb_section][et_pb_section fb_built=&#8221;1&#8243; admin_label=&#8221;About Us&#8221; _builder_version=&#8221;3.11.1&#8243; custom_padding=&#8221;54px|0px|0|0px|false|false&#8221;][et_pb_row _builder_version=&#8221;3.12.2&#8243;][et_pb_column type=&#8221;2_3&#8243; _builder_version=&#8221;3.0.47&#8243; parallax=&#8221;off&#8221; parallax_method=&#8221;on&#8221;][et_pb_text _builder_version=&#8221;3.17.2&#8243; text_font=&#8221;Quicksand||||||||&#8221; text_font_size=&#8221;15px&#8221; text_line_height=&#8221;2em&#8221; ul_font=&#8221;|700|||||||&#8221; ul_line_height=&#8221;2em&#8221; ol_font=&#8221;||||||||&#8221; header_font=&#8221;Josefin Sans||||||||&#8221; header_2_font=&#8221;Josefin Sans|700|||||||&#8221; header_2_font_size=&#8221;40px&#8221; header_2_font_size_phone=&#8221;24px&#8221; header_2_font_size_last_edited=&#8221;on|phone&#8221; header_2_line_height=&#8221;1.4em&#8221; header_3_font=&#8221;||||||||&#8221; header_4_font=&#8221;||||||||&#8221; header_5_font=&#8221;||||||||&#8221; header_6_font=&#8221;||||||||&#8221;]<\/p>\n<h2>Hist\u00f3ria da empresa<\/h2>\n<p><span>A CMP \u00e9 uma empresa familiar que est\u00e1 no ramo ambiental h\u00e1 mais de vinte anos.<\/span><\/p>\n<p><span>Desde sua funda\u00e7\u00e3o em 1994, CMP se dedicou exclusivamente ao projeto, fabrica\u00e7\u00e3o e instala\u00e7\u00e3o de equipamentos industriais em PP, PVC e PEAD, principalmente no combate \u00e0 polui\u00e7\u00e3o do ar e \u00e1gua.<\/span><\/p>\n<p><span>Com mais de 20 anos de atividade, a CMP se orgulha de seguir garantindo alta qualidade em produtos e servi\u00e7os, em sincronismo com as necessidades do mercado e de seus clientes.<\/span><\/p>\n<p>[\/et_pb_text][\/et_pb_column][et_pb_column type=&#8221;1_3&#8243; _builder_version=&#8221;3.0.47&#8243; parallax=&#8221;off&#8221; parallax_method=&#8221;on&#8221;][\/et_pb_column][\/et_pb_row][et_pb_row custom_padding=&#8221;0|0px|0|0px|true|false&#8221; custom_margin=&#8221;40px||||false&#8221; make_equal=&#8221;on&#8221; bg_img_1=&#8221;https:\/\/naipe7.com.br\/wp-content\/uploads\/2018\/11\/Produtos-sob-encomenda.jpg&#8221; padding_top_bottom_link_2=&#8221;true&#8221; padding_left_right_link_2=&#8221;true&#8221; background_position_1=&#8221;bottom_left&#8221; padding_top_2=&#8221;60px&#8221; padding_right_2=&#8221;5%&#8221; padding_bottom_2=&#8221;60px&#8221; padding_left_2=&#8221;5%&#8221; padding_1_tablet=&#8221;0%||0%||true&#8221; padding_1_phone=&#8221;0%||0%|&#8221; padding_1_last_edited=&#8221;off|desktop&#8221; _builder_version=&#8221;3.17.2&#8243; background_color=&#8221;#ffffff&#8221; background_color_gradient_direction=&#8221;90deg&#8221; box_shadow_style=&#8221;preset3&#8243; box_shadow_vertical=&#8221;20px&#8221; box_shadow_blur=&#8221;250px&#8221; box_shadow_spread=&#8221;0px&#8221; box_shadow_color=&#8221;rgba(48,106,255,0.16)&#8221; custom_margin_tablet=&#8221;80px|||10%&#8221; custom_margin_last_edited=&#8221;off|desktop&#8221; animation_style=&#8221;slide&#8221; animation_direction=&#8221;right&#8221; animation_intensity_slide=&#8221;2%&#8221;][et_pb_column type=&#8221;1_3&#8243; _builder_version=&#8221;3.0.47&#8243; padding_phone=&#8221;0%||0%|&#8221; padding_tablet=&#8221;0%||0%||true&#8221; padding_last_edited=&#8221;off|desktop&#8221; bg_img=&#8221;https:\/\/naipe7.com.br\/wp-content\/uploads\/2018\/11\/Produtos-sob-encomenda.jpg&#8221; parallax=&#8221;off&#8221; parallax_method=&#8221;on&#8221; background_position=&#8221;bottom_left&#8221;][et_pb_divider show_divider=&#8221;off&#8221; height=&#8221;300px&#8221; _builder_version=&#8221;3.17.2&#8243;][\/et_pb_divider][\/et_pb_column][et_pb_column type=&#8221;2_3&#8243; _builder_version=&#8221;3.0.47&#8243; padding_bottom=&#8221;60px&#8221; padding_left=&#8221;5%&#8221; padding_right=&#8221;5%&#8221; padding_top=&#8221;60px&#8221; parallax=&#8221;off&#8221; parallax_method=&#8221;on&#8221;][et_pb_text _builder_version=&#8221;3.17.2&#8243; text_font=&#8221;Quicksand||||||||&#8221; text_font_size=&#8221;15px&#8221; text_line_height=&#8221;2em&#8221; ul_font=&#8221;|700|||||||&#8221; ul_line_height=&#8221;2em&#8221; header_font=&#8221;||||||||&#8221; header_2_font=&#8221;Josefin Sans|700|||||||&#8221; header_2_font_size=&#8221;40px&#8221; header_2_font_size_phone=&#8221;24px&#8221; header_2_font_size_last_edited=&#8221;on|phone&#8221; header_2_line_height=&#8221;1.4em&#8221; locked=&#8221;off&#8221;]<\/p>\n<h2>O que fazemos<\/h2>\n<p>A CMP incluiu em seu portf\u00f3lio servi\u00e7os de manuten\u00e7\u00e3o em seus equipamentos de lavadores de g\u00e1s e esta\u00e7\u00f5es de tratamento de efluentes, afim de manter o bom funcionamento e preserva\u00e7\u00e3o do meio ambiente. Para que seus clientes possam sempre contar com equipamentos de alta qualidade e performance.<\/p>\n<ul>\n<li>Montadem de sistemas de exaust\u00e3o<\/li>\n<li>Montagem de Rede Hidr\u00e1ulica<\/li>\n<li>Manuten\u00e7\u00e3o Preventiva \/ Corretiva em Sistemas de Lavador de Gases e Tratamento de Efluentes<\/li>\n<\/ul>\n<p>[\/et_pb_text][et_pb_button button_text=&#8221;Solicitar Or\u00e7amento Online&#8221; _builder_version=&#8221;3.17.2&#8243; custom_button=&#8221;on&#8221; button_text_size=&#8221;18px&#8221; button_text_color=&#8221;#ffffff&#8221; button_bg_color=&#8221;#1e97e8&#8243; button_border_width=&#8221;10px&#8221; button_border_color=&#8221;#1e97e8&#8243; button_border_radius=&#8221;0px&#8221; button_font=&#8221;Ubuntu|700|||||||&#8221; custom_margin=&#8221;|||&#8221; animation_style=&#8221;slide&#8221; animation_direction=&#8221;right&#8221; button_border_radius_hover=&#8221;0px&#8221; locked=&#8221;off&#8221; button_text_size__hover_enabled=&#8221;off&#8221; button_one_text_size__hover_enabled=&#8221;off&#8221; button_two_text_size__hover_enabled=&#8221;off&#8221; button_text_color__hover_enabled=&#8221;off&#8221; button_one_text_color__hover_enabled=&#8221;off&#8221; button_two_text_color__hover_enabled=&#8221;off&#8221; button_border_width__hover_enabled=&#8221;off&#8221; button_one_border_width__hover_enabled=&#8221;off&#8221; button_two_border_width__hover_enabled=&#8221;off&#8221; button_border_color__hover_enabled=&#8221;off&#8221; button_one_border_color__hover_enabled=&#8221;off&#8221; button_two_border_color__hover_enabled=&#8221;off&#8221; button_border_radius__hover_enabled=&#8221;on&#8221; button_border_radius__hover=&#8221;0px&#8221; button_one_border_radius__hover_enabled=&#8221;off&#8221; button_two_border_radius__hover_enabled=&#8221;off&#8221; button_letter_spacing__hover_enabled=&#8221;off&#8221; button_one_letter_spacing__hover_enabled=&#8221;off&#8221; button_two_letter_spacing__hover_enabled=&#8221;off&#8221; button_bg_color__hover_enabled=&#8221;off&#8221; button_one_bg_color__hover_enabled=&#8221;off&#8221; button_two_bg_color__hover_enabled=&#8221;off&#8221;][\/et_pb_button][\/et_pb_column][\/et_pb_row][\/et_pb_section][et_pb_section fb_built=&#8221;1&#8243; admin_label=&#8221;Features&#8221; _builder_version=&#8221;3.17.2&#8243; background_color=&#8221;#ffffff&#8221; border_radii=&#8221;on|6px|6px|6px|6px&#8221; box_shadow_style=&#8221;preset3&#8243; box_shadow_horizontal=&#8221;-60px&#8221; box_shadow_vertical=&#8221;-60px&#8221; box_shadow_blur=&#8221;200px&#8221; box_shadow_spread=&#8221;-40px&#8221; box_shadow_color=&#8221;rgba(48,106,255,0.16)&#8221; max_width=&#8221;90%&#8221; max_width_tablet=&#8221;90%&#8221; max_width_phone=&#8221;100%&#8221; max_width_last_edited=&#8221;on|phone&#8221; module_alignment=&#8221;right&#8221; custom_margin=&#8221;|||&#8221; animation_style=&#8221;slide&#8221; animation_direction=&#8221;right&#8221; animation_intensity_slide=&#8221;5%&#8221;][et_pb_row _builder_version=&#8221;3.9&#8243;][et_pb_column type=&#8221;1_2&#8243; _builder_version=&#8221;3.0.47&#8243; parallax=&#8221;off&#8221; parallax_method=&#8221;on&#8221;][et_pb_text _builder_version=&#8221;3.17.2&#8243; text_font=&#8221;Quicksand||||||||&#8221; text_font_size=&#8221;15px&#8221; text_line_height=&#8221;2em&#8221; header_font=&#8221;||||||||&#8221; header_4_font=&#8221;Josefin Sans|700|||||||&#8221; header_4_font_size=&#8221;24px&#8221; header_4_font_size_phone=&#8221;16px&#8221; header_4_font_size_last_edited=&#8221;on|phone&#8221; header_4_line_height=&#8221;1.2em&#8221;]<\/p>\n<h4>Miss\u00e3o<\/h4>\n<p>Atuar de forma segura e rent\u00e1vel, com responsabilidade ambiental, fornecendo produtos e servi\u00e7os adequados \u00e0s necessidades de seus clientes, contribuindo para a redu\u00e7\u00e3o de poluentes.<br \/>\n[\/et_pb_text][\/et_pb_column][et_pb_column type=&#8221;1_2&#8243; _builder_version=&#8221;3.0.47&#8243; parallax=&#8221;off&#8221; parallax_method=&#8221;on&#8221;][et_pb_text _builder_version=&#8221;3.17.2&#8243; text_font=&#8221;Quicksand||||||||&#8221; text_font_size=&#8221;15px&#8221; text_line_height=&#8221;2em&#8221; header_font=&#8221;||||||||&#8221; header_4_font=&#8221;Josefin Sans|700|||||||&#8221; header_4_font_size=&#8221;24px&#8221; header_4_font_size_phone=&#8221;16px&#8221; header_4_font_size_last_edited=&#8221;on|phone&#8221; header_4_line_height=&#8221;1.2em&#8221;]<\/p>\n<h4>Valores<\/h4>\n<ol>\n<li>Proximidade ao cliente<\/li>\n<li>Alta performance<\/li>\n<li>Agregar valor<\/li>\n<li>Respeito<\/li>\n<li>Responsabilidade<\/li>\n<li>Sustentabilidade<\/li>\n<\/ol>\n<p>[\/et_pb_text][\/et_pb_column][\/et_pb_row][\/et_pb_section][et_pb_section fb_built=&#8221;1&#8243; admin_label=&#8221;Footer&#8221; _builder_version=&#8221;3.17.2&#8243; use_background_color_gradient=&#8221;on&#8221; background_color_gradient_start=&#8221;#1678b7&#8243; background_color_gradient_end=&#8221;#1e97e8&#8243; background_color_gradient_direction=&#8221;90deg&#8221; border_radii=&#8221;on|6px|6px|6px|6px&#8221; box_shadow_style=&#8221;preset1&#8243; box_shadow_horizontal=&#8221;18px&#8221; box_shadow_vertical=&#8221;-21px&#8221; box_shadow_blur=&#8221;4px&#8221; box_shadow_color=&#8221;rgba(48,106,255,0.16)&#8221; max_width_tablet=&#8221;90%&#8221; max_width_phone=&#8221;100%&#8221; max_width_last_edited=&#8221;on|phone&#8221; module_alignment=&#8221;right&#8221; custom_margin=&#8221;|||&#8221; custom_margin_last_edited=&#8221;off|desktop&#8221; custom_padding=&#8221;25px|0px|54px|0px|false|false&#8221; animation_style=&#8221;slide&#8221; animation_direction=&#8221;right&#8221; animation_intensity_slide=&#8221;5%&#8221; global_module=&#8221;175&#8243; saved_tabs=&#8221;all&#8221;][et_pb_row _builder_version=&#8221;3.12.2&#8243;][et_pb_column type=&#8221;4_4&#8243; _builder_version=&#8221;3.0.47&#8243; parallax=&#8221;off&#8221; parallax_method=&#8221;on&#8221;][et_pb_cta title=&#8221;(11) 2335-2410&#8243; button_url=&#8221;#&#8221; button_text=&#8221;Or\u00e7amento Online&#8221; _builder_version=&#8221;3.17.2&#8243; header_level=&#8221;h4&#8243; header_font=&#8221;Ubuntu|700|||||||&#8221; header_font_size=&#8221;40px&#8221; header_font_size_phone=&#8221;24px&#8221; header_font_size_last_edited=&#8221;on|phone&#8221; header_line_height=&#8221;1.4em&#8221; body_font=&#8221;Quicksand|700|||||||&#8221; body_font_size=&#8221;22px&#8221; body_line_height=&#8221;1.5em&#8221; background_color=&#8221;rgba(126,190,197,0)&#8221; custom_button=&#8221;on&#8221; button_text_size=&#8221;18px&#8221; button_text_color=&#8221;#1e97e8&#8243; button_bg_color=&#8221;#ffffff&#8221; button_border_width=&#8221;10px&#8221; button_border_color=&#8221;#ffffff&#8221; button_border_radius=&#8221;0px&#8221; button_font=&#8221;Josefin Sans|700|||||||&#8221; button_border_radius_hover=&#8221;0px&#8221; button_text_size__hover_enabled=&#8221;off&#8221; button_one_text_size__hover_enabled=&#8221;off&#8221; button_two_text_size__hover_enabled=&#8221;off&#8221; button_text_color__hover_enabled=&#8221;off&#8221; button_one_text_color__hover_enabled=&#8221;off&#8221; button_two_text_color__hover_enabled=&#8221;off&#8221; button_border_width__hover_enabled=&#8221;off&#8221; button_one_border_width__hover_enabled=&#8221;off&#8221; button_two_border_width__hover_enabled=&#8221;off&#8221; button_border_color__hover_enabled=&#8221;off&#8221; button_one_border_color__hover_enabled=&#8221;off&#8221; button_two_border_color__hover_enabled=&#8221;off&#8221; button_border_radius__hover_enabled=&#8221;on&#8221; button_border_radius__hover=&#8221;0px&#8221; button_one_border_radius__hover_enabled=&#8221;off&#8221; button_two_border_radius__hover_enabled=&#8221;off&#8221; button_letter_spacing__hover_enabled=&#8221;off&#8221; button_one_letter_spacing__hover_enabled=&#8221;off&#8221; button_two_letter_spacing__hover_enabled=&#8221;off&#8221; button_bg_color__hover_enabled=&#8221;off&#8221; button_one_bg_color__hover_enabled=&#8221;off&#8221; button_two_bg_color__hover_enabled=&#8221;off&#8221;]<\/p>\n<p>Entre em contato para conhecer todos os nossos produtos e servi\u00e7os.<\/p>\n<p>[\/et_pb_cta][\/et_pb_column][\/et_pb_row][\/et_pb_section]<\/p>\n","protected":false},"excerpt":{"rendered":"<p>[et_pb_section fb_built=&#8221;1&#8243; fullwidth=&#8221;on&#8221; admin_label=&#8221;Header&#8221; _builder_version=&#8221;3.17.2&#8243; background_image=&#8221;https:\/\/naipe7.com.br\/wp-content\/uploads\/2018\/11\/pexels-photo-415945.jpeg&#8221; background_position=&#8221;top_left&#8221; custom_margin=&#8221;|||&#8221; custom_padding=&#8221;|||&#8221;][et_pb_fullwidth_header title=&#8221;Sobre N\u00f3s&#8221; button_one_text=&#8221;Nossos Servi\u00e7os&#8221; button_one_url=&#8221;#&#8221; button_two_text=&#8221;Nossos Produtos&#8221; button_two_url=&#8221;#&#8221; scroll_down_icon_size_last_edited=&#8221;on|phone&#8221; _builder_version=&#8221;3.17.2&#8243; title_font=&#8221;Josefin Sans|700|||||||&#8221; title_text_color=&#8221;#ffffff&#8221; title_font_size=&#8221;50px&#8221; title_font_size_tablet=&#8221;35px&#8221; title_font_size_phone=&#8221;25px&#8221; title_font_size_last_edited=&#8221;on|phone&#8221; title_line_height=&#8221;1.2em&#8221; content_font=&#8221;Quicksand|600|||||||&#8221; content_text_color=&#8221;#ffffff&#8221; content_font_size=&#8221;20px&#8221; content_font_size_tablet=&#8221;16px&#8221; content_font_size_phone=&#8221;14px&#8221; content_font_size_last_edited=&#8221;on|phone&#8221; content_line_height=&#8221;2em&#8221; background_color=&#8221;rgba(255,255,255,0)&#8221; use_background_color_gradient=&#8221;on&#8221; background_color_gradient_start=&#8221;rgba(255,255,255,0)&#8221; background_color_gradient_end=&#8221;rgba(30,151,232,0.93)&#8221; background_color_gradient_direction=&#8221;323deg&#8221; background_color_gradient_end_position=&#8221;0%&#8221; background_size=&#8221;initial&#8221; background_position=&#8221;top_left&#8221; background_repeat=&#8221;repeat&#8221; custom_button_two=&#8221;on&#8221; button_two_text_size=&#8221;18px&#8221; button_two_text_color=&#8221;#ffffff&#8221; button_two_bg_color=&#8221;#1678b7&#8243; button_two_border_width=&#8221;10px&#8221; button_two_border_color=&#8221;#1678b7&#8243; button_two_border_radius=&#8221;0px&#8221; button_two_font=&#8221;Ubuntu|700|||||||&#8221; custom_button_one=&#8221;on&#8221; button_one_text_size=&#8221;18px&#8221; button_one_text_color=&#8221;#ffffff&#8221; button_one_bg_color=&#8221;#02426c&#8221; [&hellip;]<\/p>\n","protected":false},"author":1,"featured_media":0,"parent":0,"menu_order":0,"comment_status":"closed","ping_status":"closed","template":"","meta":{"_et_pb_use_builder":"on","_et_pb_old_content":"","footnotes":""},"class_list":["post-10","page","type-page","status-publish","hentry"],"_links":{"self":[{"href":"https:\/\/naipe7.com.br\/index.php?rest_route=\/wp\/v2\/pages\/10","targetHints":{"allow":["GET"]}}],"collection":[{"href":"https:\/\/naipe7.com.br\/index.php?rest_route=\/wp\/v2\/pages"}],"about":[{"href":"https:\/\/naipe7.com.br\/index.php?rest_route=\/wp\/v2\/types\/page"}],"author":[{"embeddable":true,"href":"https:\/\/naipe7.com.br\/index.php?rest_route=\/wp\/v2\/users\/1"}],"replies":[{"embeddable":true,"href":"https:\/\/naipe7.com.br\/index.php?rest_route=%2Fwp%2Fv2%2Fcomments&post=10"}],"version-history":[{"count":13,"href":"https:\/\/naipe7.com.br\/index.php?rest_route=\/wp\/v2\/pages\/10\/revisions"}],"predecessor-version":[{"id":375,"href":"https:\/\/naipe7.com.br\/index.php?rest_route=\/wp\/v2\/pages\/10\/revisions\/375"}],"wp:attachment":[{"href":"https:\/\/naipe7.com.br\/index.php?rest_route=%2Fwp%2Fv2%2Fmedia&parent=10"}],"curies":[{"name":"wp","href":"https:\/\/api.w.org\/{rel}","templated":true}]}}